{"id":9,"date":"2024-09-20T10:37:38","date_gmt":"2024-09-20T08:37:38","guid":{"rendered":"https:\/\/www.martchin.com\/?page_id=9"},"modified":"2024-09-26T16:38:38","modified_gmt":"2024-09-26T14:38:38","slug":"martchin","status":"publish","type":"page","link":"https:\/\/www.martchin.com\/index.php\/fr\/martchin\/","title":{"rendered":"Le violon du Cap-Vert"},"content":{"rendered":"\n<p>Laissez-vous bercer au son des douces m\u00e9lodies traditionnelles du Cap-Vert !<\/p>\n\n\n\n<p>L\u2019album\u00a0<em><strong>Inspira\u00e7\u00e3o de nha Sina<\/strong><\/em>\u00a0reprend quelques-uns des plus beaux th\u00e8mes du r\u00e9pertoire capverdien traditionnel, dans une ambiance acoustique et \u00e9pur\u00e9e. Il rend hommage \u00e0 la morna et \u00e0 la coladera, deux styles musicaux profond\u00e9ment enracin\u00e9s dans la culture capverdienne et qui ont accompagn\u00e9 la destin\u00e9e d\u2019un peuple au cours des d\u00e9cennies pass\u00e9es.<\/p>\n\n\n\n<p>Ce projet, intitul\u00e9&nbsp;<strong><em>Martch\u00edn<\/em><\/strong>, r\u00e9unit deux mondes habituellement distincts : celui de la musique folklorique, interpr\u00e9t\u00e9e par de grands musiciens capverdiens pass\u00e9s par les sc\u00e8nes du monde entier, et celui de la musique classique, qui conf\u00e8re au violon \u2013 jou\u00e9 par&nbsp;<strong><em>Martin Rose&nbsp;<\/em><\/strong>\u2013 un son d\u2019une puret\u00e9 et d\u2019une expressivit\u00e9 in\u00e9gal\u00e9es. Une fusion de cultures qui met en lumi\u00e8re le caract\u00e8re universel de la musique comme moyen d\u2019expression des sentiments qui de tout temps ont habit\u00e9 les hommes.<\/p>\n\n\n\n<p>Pour trouver l\u2019album en ligne, veuillez s\u00e9lectionner le service ci-dessous :<\/p>\n\n\n\n<p><\/p>\n","protected":false},"excerpt":{"rendered":"<p>Laissez-vous bercer au son des douces m\u00e9lodies traditionnelles du Cap-Vert ! L\u2019album\u00a0Inspira\u00e7\u00e3o de nha Sina\u00a0reprend quelques-uns des plus beaux th\u00e8mes du r\u00e9pertoire capverdien traditionnel, dans une ambiance acoustique et \u00e9pur\u00e9e. Il rend hommage \u00e0 la morna et \u00e0 la coladera, deux styles musicaux profond\u00e9ment enracin\u00e9s dans la culture capverdienne et qui ont accompagn\u00e9 la destin\u00e9e &hellip; <\/p>\n<p class=\"link-more\"><a href=\"https:\/\/www.martchin.com\/index.php\/fr\/martchin\/\" class=\"more-link\">Continue reading<span class=\"screen-reader-text\"> &#8220;Le violon du Cap-Vert&#8221;<\/span><\/a><\/p>\n","protected":false},"author":1,"featured_media":0,"parent":0,"menu_order":0,"comment_status":"closed","ping_status":"closed","template":"","meta":{"footnotes":""},"class_list":["post-9","page","type-page","status-publish","hentry"],"_links":{"self":[{"href":"https:\/\/www.martchin.com\/index.php\/wp-json\/wp\/v2\/pages\/9","targetHints":{"allow":["GET"]}}],"collection":[{"href":"https:\/\/www.martchin.com\/index.php\/wp-json\/wp\/v2\/pages"}],"about":[{"href":"https:\/\/www.martchin.com\/index.php\/wp-json\/wp\/v2\/types\/page"}],"author":[{"embeddable":true,"href":"https:\/\/www.martchin.com\/index.php\/wp-json\/wp\/v2\/users\/1"}],"replies":[{"embeddable":true,"href":"https:\/\/www.martchin.com\/index.php\/wp-json\/wp\/v2\/comments?post=9"}],"version-history":[{"count":9,"href":"https:\/\/www.martchin.com\/index.php\/wp-json\/wp\/v2\/pages\/9\/revisions"}],"predecessor-version":[{"id":157,"href":"https:\/\/www.martchin.com\/index.php\/wp-json\/wp\/v2\/pages\/9\/revisions\/157"}],"wp:attachment":[{"href":"https:\/\/www.martchin.com\/index.php\/wp-json\/wp\/v2\/media?parent=9"}],"curies":[{"name":"wp","href":"https:\/\/api.w.org\/{rel}","templated":true}]}}