{"id":69,"date":"2024-09-20T10:37:53","date_gmt":"2024-09-20T08:37:53","guid":{"rendered":"https:\/\/www.martchin.com\/?page_id=69"},"modified":"2024-09-26T16:50:28","modified_gmt":"2024-09-26T14:50:28","slug":"musique","status":"publish","type":"page","link":"https:\/\/www.martchin.com\/index.php\/fr\/musique\/","title":{"rendered":"L&#8217;album"},"content":{"rendered":"\n<figure class=\"wp-block-image size-large\"><img loading=\"lazy\" decoding=\"async\" width=\"1024\" height=\"443\" src=\"http:\/\/www.martchin.com\/wp-content\/uploads\/2024\/09\/banner-2-2-1024x443.jpg\" alt=\"\" class=\"wp-image-108\" srcset=\"https:\/\/www.martchin.com\/wp-content\/uploads\/2024\/09\/banner-2-2-1024x443.jpg 1024w, https:\/\/www.martchin.com\/wp-content\/uploads\/2024\/09\/banner-2-2-300x130.jpg 300w, https:\/\/www.martchin.com\/wp-content\/uploads\/2024\/09\/banner-2-2-768x332.jpg 768w, https:\/\/www.martchin.com\/wp-content\/uploads\/2024\/09\/banner-2-2-350x151.jpg 350w, https:\/\/www.martchin.com\/wp-content\/uploads\/2024\/09\/banner-2-2.jpg 1220w\" sizes=\"auto, (max-width: 706px) 89vw, (max-width: 767px) 82vw, 740px\" \/><\/figure>\n\n\n\n<p>Pour commander un exemplaire physique de l\u2019album, rendez-vous sur <a href=\"https:\/\/www.martchin.com\/index.php\/boutique\/\" data-type=\"page\" data-id=\"12\">boutique en ligne<\/a>. <\/p>\n\n\n\n<p>L\u2019album est \u00e9galement disponible en t\u00e9l\u00e9chargement sur\u00a0<a href=\"https:\/\/web.archive.org\/web\/20220307123117\/https:\/\/www.amazon.fr\/Inspira%C3%A7%C3%A3o-Nha-Sina-Martch%C3%ADn\/dp\/B08CPW5QJR\/\" target=\"_blank\" rel=\"noreferrer noopener\">Amazon<\/a>\u00a0et sur les principales plateformes de streaming (<a href=\"https:\/\/web.archive.org\/web\/20220307123117\/https:\/\/music.apple.com\/fr\/album\/inspira%C3%A7%C3%A3o-de-nha-sina\/1523291401\" target=\"_blank\" rel=\"noreferrer noopener\">iTunes<\/a>,\u00a0<a href=\"https:\/\/web.archive.org\/web\/20220307123117\/http:\/\/www.deezer.com\/album\/159759192\" target=\"_blank\" rel=\"noreferrer noopener\">Deezer<\/a>,\u00a0<a href=\"https:\/\/web.archive.org\/web\/20220307123117\/https:\/\/open.spotify.com\/album\/7cWFD98MVdLqXoQaTHU3hI?si=KrEUlHSBRAqiWdd8aQkydA\" target=\"_blank\" rel=\"noreferrer noopener\">Spotify<\/a>,\u00a0<a href=\"https:\/\/web.archive.org\/web\/20220307123117\/https:\/\/youtu.be\/AXH41BzBs2w?list=OLAK5uy_mn5U2MdCdIVTnQ3SthgvMf5c77-AH8-MQ\" target=\"_blank\" rel=\"noreferrer noopener\">Youtube<\/a>, etc.)<\/p>\n\n\n\n<h2 class=\"wp-block-heading\">Aper\u00e7u de l\u2019album\u00a0<strong><em>Inspira\u00e7\u00e3o de Nha Sina<\/em><\/strong><\/h2>\n\n\n\n<figure class=\"wp-block-gallery has-nested-images columns-default is-cropped wp-block-gallery-1 is-layout-flex wp-block-gallery-is-layout-flex\">\n<figure class=\"wp-block-image size-large\"><img loading=\"lazy\" decoding=\"async\" width=\"768\" height=\"768\" data-id=\"111\" src=\"https:\/\/www.martchin.com\/wp-content\/uploads\/2024\/09\/avant-768x768-1.jpg\" alt=\"\" class=\"wp-image-111\" srcset=\"https:\/\/www.martchin.com\/wp-content\/uploads\/2024\/09\/avant-768x768-1.jpg 768w, https:\/\/www.martchin.com\/wp-content\/uploads\/2024\/09\/avant-768x768-1-300x300.jpg 300w, https:\/\/www.martchin.com\/wp-content\/uploads\/2024\/09\/avant-768x768-1-150x150.jpg 150w, https:\/\/www.martchin.com\/wp-content\/uploads\/2024\/09\/avant-768x768-1-100x100.jpg 100w, https:\/\/www.martchin.com\/wp-content\/uploads\/2024\/09\/avant-768x768-1-250x250.jpg 250w, https:\/\/www.martchin.com\/wp-content\/uploads\/2024\/09\/avant-768x768-1-350x350.jpg 350w\" sizes=\"auto, (max-width: 706px) 89vw, (max-width: 767px) 82vw, 740px\" \/><\/figure>\n<\/figure>\n\n\n\n<h2 class=\"wp-block-heading\">Fiche technique<\/h2>\n\n\n\n<ul class=\"wp-block-list\">\n<li><strong>Martin Rose :<\/strong>\u00a0violon principal et violons d\u2019accompagnement (sur 1, 4, 5 et 12)<\/li>\n\n\n\n<li><strong>Bau :<\/strong>\u00a0guitare 1, guitare 2 (sur 1 \u00e0 6, 10 et 11), guitare \u00e0 douze cordes (sur 1, 2, 4, 5, 6 et 10) et cavaquinho (sur 1 \u00e0 11)<\/li>\n\n\n\n<li><strong>Carlos Matos :\u00a0<\/strong>piano (4, 5, 7, 8, 9, 10, 11 et 12)<\/li>\n\n\n\n<li><strong>Z\u00e9 Paris<\/strong> : guitare basse<\/li>\n\n\n\n<li><strong>Tey Santos<\/strong> : percussions (sur 3, 4, 7, 8, 9, 11 et 12)<\/li>\n<\/ul>\n\n\n\n<ul class=\"wp-block-list\">\n<li>Enregistrements principaux r\u00e9alis\u00e9s \u00e0\u00a0<em>Atlantic Blue Studio<\/em>\u00a0\u00e0 Lisbonne par\u00a0<strong>Jo\u00e3o Magalh\u00e3es<\/strong>. Enregistrements compl\u00e9mentaires r\u00e9alis\u00e9s \u00e0 Mindelo (Cap-Vert) et Francfort (Allemagne). \u00c9dition et pr\u00e9-mixage :\u00a0<strong>Pedro Serraninho<\/strong>. Mixage et masterisation :\u00a0<strong>St\u00e9phane Caisson<\/strong>.<\/li>\n<\/ul>\n\n\n\n<p>\u00a9 Horizon Indigo 2020<\/p>\n\n\n\n<p><\/p>\n","protected":false},"excerpt":{"rendered":"<p>Pour commander un exemplaire physique de l\u2019album, rendez-vous sur boutique en ligne. L\u2019album est \u00e9galement disponible en t\u00e9l\u00e9chargement sur\u00a0Amazon\u00a0et sur les principales plateformes de streaming (iTunes,\u00a0Deezer,\u00a0Spotify,\u00a0Youtube, etc.) Aper\u00e7u de l\u2019album\u00a0Inspira\u00e7\u00e3o de Nha Sina Fiche technique \u00a9 Horizon Indigo 2020<\/p>\n","protected":false},"author":1,"featured_media":0,"parent":0,"menu_order":0,"comment_status":"closed","ping_status":"closed","template":"","meta":{"footnotes":""},"class_list":["post-69","page","type-page","status-publish","hentry"],"_links":{"self":[{"href":"https:\/\/www.martchin.com\/index.php\/wp-json\/wp\/v2\/pages\/69","targetHints":{"allow":["GET"]}}],"collection":[{"href":"https:\/\/www.martchin.com\/index.php\/wp-json\/wp\/v2\/pages"}],"about":[{"href":"https:\/\/www.martchin.com\/index.php\/wp-json\/wp\/v2\/types\/page"}],"author":[{"embeddable":true,"href":"https:\/\/www.martchin.com\/index.php\/wp-json\/wp\/v2\/users\/1"}],"replies":[{"embeddable":true,"href":"https:\/\/www.martchin.com\/index.php\/wp-json\/wp\/v2\/comments?post=69"}],"version-history":[{"count":12,"href":"https:\/\/www.martchin.com\/index.php\/wp-json\/wp\/v2\/pages\/69\/revisions"}],"predecessor-version":[{"id":120,"href":"https:\/\/www.martchin.com\/index.php\/wp-json\/wp\/v2\/pages\/69\/revisions\/120"}],"wp:attachment":[{"href":"https:\/\/www.martchin.com\/index.php\/wp-json\/wp\/v2\/media?parent=69"}],"curies":[{"name":"wp","href":"https:\/\/api.w.org\/{rel}","templated":true}]}}